{"id":764,"date":"2023-08-09T04:27:25","date_gmt":"2023-08-09T09:27:25","guid":{"rendered":"http:\/\/cliniquevisagepros.com\/accueil\/"},"modified":"2024-07-11T10:18:27","modified_gmt":"2024-07-11T15:18:27","slug":"accueil","status":"publish","type":"page","link":"https:\/\/cliniquevisagepros.com\/fr\/accueil\/","title":{"rendered":"Accueil"},"content":{"rendered":"\t\t<div data-elementor-type=\"wp-page\" data-elementor-id=\"764\" class=\"elementor elementor-764\" data-elementor-post-type=\"page\">\n\t\t\t\t<div class=\"elementor-element elementor-element-0c17099 e-con-full e-flex e-con e-parent\" data-id=\"0c17099\" data-element_type=\"container\" data-e-type=\"container\" data-settings=\"{&quot;background_background&quot;:&quot;classic&quot;}\">\n\t\t<div class=\"elementor-element elementor-element-8bd1b53 e-con-full e-flex e-con e-child\" data-id=\"8bd1b53\" data-element_type=\"container\" data-e-type=\"container\" data-settings=\"{&quot;background_background&quot;:&quot;classic&quot;}\">\n\t\t\t\t<\/div>\n\t\t<div class=\"elementor-element elementor-element-b370234 e-con-full e-flex e-con e-child\" data-id=\"b370234\" data-element_type=\"container\" data-e-type=\"container\" data-settings=\"{&quot;background_background&quot;:&quot;classic&quot;}\">\n\t\t\t\t<div class=\"elementor-element elementor-element-dd78d0b elementor-widget elementor-widget-heading\" data-id=\"dd78d0b\" data-element_type=\"widget\" data-e-type=\"widget\" data-widget_type=\"heading.default\">\n\t\t\t\t\t\t<div class=\"elementor-widget-container\">\n\t\t\t\t\t<h1 class=\"elementor-heading-title elementor-size-default\">Clinique VisionPros<\/h1>\t\t\t\t<\/div>\n\t\t\t\t<\/div>\n\t\t\t\t<div class=\"elementor-element elementor-element-80dbe7a elementor-widget elementor-widget-heading\" data-id=\"80dbe7a\" data-element_type=\"widget\" data-e-type=\"widget\" data-widget_type=\"heading.default\">\n\t\t\t\t\t\t<div class=\"elementor-widget-container\">\n\t\t\t\t\t<h2 class=\"elementor-heading-title elementor-size-default\">Votre Vision, <br><span style=\"font-weight:400\">Notre Mission<\/span> <\/h2>\t\t\t\t<\/div>\n\t\t\t\t<\/div>\n\t\t\t\t<div class=\"elementor-element elementor-element-3b44144 elementor-widget elementor-widget-text-editor\" data-id=\"3b44144\" data-element_type=\"widget\" data-e-type=\"widget\" data-widget_type=\"text-editor.default\">\n\t\t\t\t\t\t<div class=\"elementor-widget-container\">\n\t\t\t\t\t\t\t\t\t<p>Nous vous offrons le meilleur en mati\u00e8re d&rsquo;ophtalmologie, de soins en s\u00e9cheresse oculaire et d&rsquo;esth\u00e9tique m\u00e9dicale \u00e0 notre clinique ultramoderne situ\u00e9e au c\u0153ur de Westmount.<\/p>\n\t\t\t\t\t\t\t\t<\/div>\n\t\t\t\t<\/div>\n\t\t\t\t<div class=\"elementor-element elementor-element-e9daaef elementor-tablet-align-center elementor-widget elementor-widget-button\" data-id=\"e9daaef\" data-element_type=\"widget\" data-e-type=\"widget\" data-widget_type=\"button.default\">\n\t\t\t\t\t\t<div class=\"elementor-widget-container\">\n\t\t\t\t\t\t\t\t\t<div class=\"elementor-button-wrapper\">\n\t\t\t\t\t<a class=\"elementor-button elementor-size-sm\" role=\"button\">\n\t\t\t\t\t\t<span class=\"elementor-button-content-wrapper\">\n\t\t\t\t\t\t<span class=\"elementor-button-icon\">\n\t\t\t\t<i aria-hidden=\"true\" class=\"fas fa-arrow-right\"><\/i>\t\t\t<\/span>\n\t\t\t\t\t\t\t\t\t<span class=\"elementor-button-text\">Prendre rendez-vous<\/span>\n\t\t\t\t\t<\/span>\n\t\t\t\t\t<\/a>\n\t\t\t\t<\/div>\n\t\t\t\t\t\t\t\t<\/div>\n\t\t\t\t<\/div>\n\t\t\t\t<\/div>\n\t\t\t\t<\/div>\n\t\t<div class=\"elementor-element elementor-element-2e859b25 e-flex e-con-boxed e-con e-parent\" data-id=\"2e859b25\" data-element_type=\"container\" data-e-type=\"container\" data-settings=\"{&quot;background_background&quot;:&quot;classic&quot;}\">\n\t\t\t\t\t<div class=\"e-con-inner\">\n\t\t<div class=\"elementor-element elementor-element-35d1167d e-con-full e-flex e-con e-child\" data-id=\"35d1167d\" data-element_type=\"container\" data-e-type=\"container\" data-settings=\"{&quot;background_background&quot;:&quot;classic&quot;}\">\n\t\t\t\t<div class=\"elementor-element elementor-element-407b7d21 elementor-widget elementor-widget-text-editor\" data-id=\"407b7d21\" data-element_type=\"widget\" data-e-type=\"widget\" data-widget_type=\"text-editor.default\">\n\t\t\t\t\t\t<div class=\"elementor-widget-container\">\n\t\t\t\t\t\t\t\t\t<p>Chez VisionPros, nous nous engageons \u00e0 fournir des soins oculaires exceptionnels adapt\u00e9s \u00e0 vos besoins uniques. D\u00e9couvrez comment nous pouvons vous aider \u00e0 atteindre une sant\u00e9 oculaire optimale et \u00e0 am\u00e9liorer votre bien-\u00eatre g\u00e9n\u00e9ral.<\/p>\n\t\t\t\t\t\t\t\t<\/div>\n\t\t\t\t<\/div>\n\t\t\t\t<\/div>\n\t\t\t\t\t<\/div>\n\t\t\t\t<\/div>\n\t\t<div class=\"elementor-element elementor-element-cd19226 e-con-full e-flex e-con e-parent\" data-id=\"cd19226\" data-element_type=\"container\" data-e-type=\"container\" data-settings=\"{&quot;background_background&quot;:&quot;classic&quot;}\">\n\t\t<div class=\"elementor-element elementor-element-75b1179 e-con-full e-flex e-con e-child\" data-id=\"75b1179\" data-element_type=\"container\" data-e-type=\"container\" data-settings=\"{&quot;background_background&quot;:&quot;classic&quot;}\">\n\t\t<div class=\"elementor-element elementor-element-1a789f4 e-flex e-con-boxed e-con e-child\" data-id=\"1a789f4\" data-element_type=\"container\" data-e-type=\"container\">\n\t\t\t\t\t<div class=\"e-con-inner\">\n\t\t\t\t<div class=\"elementor-element elementor-element-996305e elementor-position-top elementor-widget elementor-widget-image-box\" data-id=\"996305e\" data-element_type=\"widget\" data-e-type=\"widget\" data-widget_type=\"image-box.default\">\n\t\t\t\t\t\t<div class=\"elementor-widget-container\">\n\t\t\t\t\t<div class=\"elementor-image-box-wrapper\"><figure class=\"elementor-image-box-img\"><img decoding=\"async\" src=\"http:\/\/cliniquevisagepros.com\/wp-content\/uploads\/2023\/10\/eyelid_ptosis_treatment-scaled.jpeg\" title=\"\" alt=\"\" loading=\"lazy\" \/><\/figure><div class=\"elementor-image-box-content\"><h3 class=\"elementor-image-box-title\">Ophtalmologie compl\u00e8te<\/h3><p class=\"elementor-image-box-description\">De la corn\u00e9e \u00e0 la r\u00e9tine, nous offrons des soins oculaires sp\u00e9cialis\u00e9s de classe mondiale : les traitements, les d\u00e9pistages et les proc\u00e9dures chirurgicales les plus r\u00e9cents dans notre clinique d'ophtalmologie de pointe.<\/p><\/div><\/div>\t\t\t\t<\/div>\n\t\t\t\t<\/div>\n\t\t\t\t<div class=\"elementor-element elementor-element-2249774 elementor-align-center elementor-widget elementor-widget-button\" data-id=\"2249774\" data-element_type=\"widget\" data-e-type=\"widget\" data-widget_type=\"button.default\">\n\t\t\t\t\t\t<div class=\"elementor-widget-container\">\n\t\t\t\t\t\t\t\t\t<div class=\"elementor-button-wrapper\">\n\t\t\t\t\t<a class=\"elementor-button elementor-size-sm\" role=\"button\">\n\t\t\t\t\t\t<span class=\"elementor-button-content-wrapper\">\n\t\t\t\t\t\t<span class=\"elementor-button-icon\">\n\t\t\t\t<i aria-hidden=\"true\" class=\"fas fa-arrow-right\"><\/i>\t\t\t<\/span>\n\t\t\t\t\t\t\t\t\t<span class=\"elementor-button-text\">En savoir plus<\/span>\n\t\t\t\t\t<\/span>\n\t\t\t\t\t<\/a>\n\t\t\t\t<\/div>\n\t\t\t\t\t\t\t\t<\/div>\n\t\t\t\t<\/div>\n\t\t\t\t\t<\/div>\n\t\t\t\t<\/div>\n\t\t<div class=\"elementor-element elementor-element-571adbd e-flex e-con-boxed e-con e-child\" data-id=\"571adbd\" data-element_type=\"container\" data-e-type=\"container\">\n\t\t\t\t\t<div class=\"e-con-inner\">\n\t\t\t\t<div class=\"elementor-element elementor-element-576bdc4 elementor-position-top elementor-widget elementor-widget-image-box\" data-id=\"576bdc4\" data-element_type=\"widget\" data-e-type=\"widget\" data-widget_type=\"image-box.default\">\n\t\t\t\t\t\t<div class=\"elementor-widget-container\">\n\t\t\t\t\t<div class=\"elementor-image-box-wrapper\"><figure class=\"elementor-image-box-img\"><img decoding=\"async\" src=\"http:\/\/cliniquevisagepros.com\/wp-content\/uploads\/2024\/06\/dry-eye-care-scaled.jpeg\" title=\"\" alt=\"\" loading=\"lazy\" \/><\/figure><div class=\"elementor-image-box-content\"><h3 class=\"elementor-image-box-title\">Soins en s\u00e9cheresse occulaire<\/h3><p class=\"elementor-image-box-description\">Nous proposons d\u00e9sormais une gamme de traitements avanc\u00e9s con\u00e7us pour soulager efficacement le syndrome de l'\u0153il sec. Notre approche personnalis\u00e9e garantit que vous recevrez les soins les mieux adapt\u00e9s \u00e0 votre \u00e9tat de sant\u00e9.<\/p><\/div><\/div>\t\t\t\t<\/div>\n\t\t\t\t<\/div>\n\t\t\t\t<div class=\"elementor-element elementor-element-71ceaee elementor-align-center elementor-widget elementor-widget-button\" data-id=\"71ceaee\" data-element_type=\"widget\" data-e-type=\"widget\" data-widget_type=\"button.default\">\n\t\t\t\t\t\t<div class=\"elementor-widget-container\">\n\t\t\t\t\t\t\t\t\t<div class=\"elementor-button-wrapper\">\n\t\t\t\t\t<a class=\"elementor-button elementor-size-sm\" role=\"button\">\n\t\t\t\t\t\t<span class=\"elementor-button-content-wrapper\">\n\t\t\t\t\t\t<span class=\"elementor-button-icon\">\n\t\t\t\t<i aria-hidden=\"true\" class=\"fas fa-arrow-right\"><\/i>\t\t\t<\/span>\n\t\t\t\t\t\t\t\t\t<span class=\"elementor-button-text\">En savoir plus<\/span>\n\t\t\t\t\t<\/span>\n\t\t\t\t\t<\/a>\n\t\t\t\t<\/div>\n\t\t\t\t\t\t\t\t<\/div>\n\t\t\t\t<\/div>\n\t\t\t\t\t<\/div>\n\t\t\t\t<\/div>\n\t\t<div class=\"elementor-element elementor-element-9da0ad7 e-flex e-con-boxed e-con e-child\" data-id=\"9da0ad7\" data-element_type=\"container\" data-e-type=\"container\">\n\t\t\t\t\t<div class=\"e-con-inner\">\n\t\t\t\t<div class=\"elementor-element elementor-element-bba1a4a elementor-position-top elementor-widget elementor-widget-image-box\" data-id=\"bba1a4a\" data-element_type=\"widget\" data-e-type=\"widget\" data-widget_type=\"image-box.default\">\n\t\t\t\t\t\t<div class=\"elementor-widget-container\">\n\t\t\t\t\t<div class=\"elementor-image-box-wrapper\"><figure class=\"elementor-image-box-img\"><a href=\"https:\/\/cliniquevisagepros.com\/fr\/\" tabindex=\"-1\"><img decoding=\"async\" src=\"http:\/\/cliniquevisagepros.com\/wp-content\/uploads\/2024\/06\/AdobeStock_709245567-scaled.jpeg\" title=\"\" alt=\"\" loading=\"lazy\" \/><\/a><\/figure><div class=\"elementor-image-box-content\"><h3 class=\"elementor-image-box-title\"><a href=\"https:\/\/cliniquevisagepros.com\/fr\/\">Esth\u00e9tique m\u00e9dicale<\/a><\/h3><p class=\"elementor-image-box-description\">Nous proposons aujourd'hui une large gamme de services d'esth\u00e9tique m\u00e9dicale pour mettre en valeur votre beaut\u00e9 naturelle. Nos professionnels certifi\u00e9s utilisent les derni\u00e8res technologies pour obtenir des r\u00e9sultats s\u00fbrs, efficaces et esth\u00e9tiques.<\/p><\/div><\/div>\t\t\t\t<\/div>\n\t\t\t\t<\/div>\n\t\t\t\t<div class=\"elementor-element elementor-element-339a0e2 elementor-align-center elementor-widget elementor-widget-button\" data-id=\"339a0e2\" data-element_type=\"widget\" data-e-type=\"widget\" data-widget_type=\"button.default\">\n\t\t\t\t\t\t<div class=\"elementor-widget-container\">\n\t\t\t\t\t\t\t\t\t<div class=\"elementor-button-wrapper\">\n\t\t\t\t\t<a class=\"elementor-button elementor-button-link elementor-size-sm\" href=\"https:\/\/cliniquevisagepros.com\/fr\/\">\n\t\t\t\t\t\t<span class=\"elementor-button-content-wrapper\">\n\t\t\t\t\t\t<span class=\"elementor-button-icon\">\n\t\t\t\t<i aria-hidden=\"true\" class=\"fas fa-arrow-right\"><\/i>\t\t\t<\/span>\n\t\t\t\t\t\t\t\t\t<span class=\"elementor-button-text\">En savoir plus<\/span>\n\t\t\t\t\t<\/span>\n\t\t\t\t\t<\/a>\n\t\t\t\t<\/div>\n\t\t\t\t\t\t\t\t<\/div>\n\t\t\t\t<\/div>\n\t\t\t\t\t<\/div>\n\t\t\t\t<\/div>\n\t\t\t\t<\/div>\n\t\t\t\t<\/div>\n\t\t\t\t<\/div>\n\t\t","protected":false},"excerpt":{"rendered":"<p>Clinique VisionPros Votre Vision, Notre Mission Nous vous offrons le meilleur en mati\u00e8re d&rsquo;ophtalmologie, de soins en s\u00e9cheresse oculaire et d&rsquo;esth\u00e9tique m\u00e9dicale \u00e0 notre clinique ultramoderne situ\u00e9e au c\u0153ur de Westmount. Prendre rendez-vous Chez VisionPros, nous nous engageons \u00e0 fournir des soins oculaires exceptionnels adapt\u00e9s \u00e0 vos besoins uniques. D\u00e9couvrez comment nous pouvons vous aider [&hellip;]<\/p>\n","protected":false},"author":2,"featured_media":0,"parent":0,"menu_order":0,"comment_status":"closed","ping_status":"closed","template":"","meta":{"site-sidebar-layout":"no-sidebar","site-content-layout":"page-builder","ast-site-content-layout":"full-width-container","site-content-style":"unboxed","site-sidebar-style":"unboxed","ast-global-header-display":"","ast-banner-title-visibility":"","ast-main-header-display":"","ast-hfb-above-header-display":"","ast-hfb-below-header-display":"","ast-hfb-mobile-header-display":"","site-post-title":"disabled","ast-breadcrumbs-content":"","ast-featured-img":"disabled","footer-sml-layout":"","ast-disable-related-posts":"","theme-transparent-header-meta":"","adv-header-id-meta":"","stick-header-meta":"","header-above-stick-meta":"","header-main-stick-meta":"","header-below-stick-meta":"","astra-migrate-meta-layouts":"default","ast-page-background-enabled":"default","ast-page-background-meta":{"desktop":{"background-color":"var(--ast-global-color-4)","background-image":"","background-repeat":"repeat","background-position":"center center","background-size":"auto","background-attachment":"scroll","background-type":"","background-media":"","overlay-type":"","overlay-color":"","overlay-opacity":"","overlay-gradient":""},"tablet":{"background-color":"","background-image":"","background-repeat":"repeat","background-position":"center center","background-size":"auto","background-attachment":"scroll","background-type":"","background-media":"","overlay-type":"","overlay-color":"","overlay-opacity":"","overlay-gradient":""},"mobile":{"background-color":"","background-image":"","background-repeat":"repeat","background-position":"center center","background-size":"auto","background-attachment":"scroll","background-type":"","background-media":"","overlay-type":"","overlay-color":"","overlay-opacity":"","overlay-gradient":""}},"ast-content-background-meta":{"desktop":{"background-color":"var(--ast-global-color-5)","background-image":"","background-repeat":"repeat","background-position":"center center","background-size":"auto","background-attachment":"scroll","background-type":"","background-media":"","overlay-type":"","overlay-color":"","overlay-opacity":"","overlay-gradient":""},"tablet":{"background-color":"var(--ast-global-color-5)","background-image":"","background-repeat":"repeat","background-position":"center center","background-size":"auto","background-attachment":"scroll","background-type":"","background-media":"","overlay-type":"","overlay-color":"","overlay-opacity":"","overlay-gradient":""},"mobile":{"background-color":"var(--ast-global-color-5)","background-image":"","background-repeat":"repeat","background-position":"center center","background-size":"auto","background-attachment":"scroll","background-type":"","background-media":"","overlay-type":"","overlay-color":"","overlay-opacity":"","overlay-gradient":""}},"footnotes":""},"class_list":["post-764","page","type-page","status-publish","hentry"],"yoast_head":"<!-- This site is optimized with the Yoast SEO plugin v27.5 - https:\/\/yoast.com\/product\/yoast-seo-wordpress\/ -->\n<title>Expert en soins oculaires et en esth\u00e9tique m\u00e9dicale \u00e0 Montr\u00e9al - Clinique VisagePros<\/title>\n<meta name=\"description\" content=\"Nous vous offrons le meilleur en mati\u00e8re d&#039;ophtalmologie, de soins en s\u00e9cheresse oculaire et d&#039;esth\u00e9tique m\u00e9dicale \u00e0 notre clinique ultramoderne situ\u00e9e au c\u0153ur de Westmount.\" \/>\n<meta name=\"robots\" content=\"index, follow, max-snippet:-1, max-image-preview:large, max-video-preview:-1\" \/>\n<link rel=\"canonical\" href=\"https:\/\/cliniquevisagepros.com\/fr\/accueil\/\" \/>\n<meta property=\"og:locale\" content=\"fr_FR\" \/>\n<meta property=\"og:type\" content=\"article\" \/>\n<meta property=\"og:title\" content=\"Expert en soins oculaires et en esth\u00e9tique m\u00e9dicale \u00e0 Montr\u00e9al - Clinique VisagePros\" \/>\n<meta property=\"og:description\" content=\"Nous vous offrons le meilleur en mati\u00e8re d&#039;ophtalmologie, de soins en s\u00e9cheresse oculaire et d&#039;esth\u00e9tique m\u00e9dicale \u00e0 notre clinique ultramoderne situ\u00e9e au c\u0153ur de Westmount.\" \/>\n<meta property=\"og:url\" content=\"https:\/\/cliniquevisagepros.com\/fr\/accueil\/\" \/>\n<meta property=\"og:site_name\" content=\"Clinique VisagePros\" \/>\n<meta property=\"article:modified_time\" content=\"2024-07-11T15:18:27+00:00\" \/>\n<meta property=\"og:image\" content=\"http:\/\/cliniquevisagepros.com\/wp-content\/uploads\/2023\/10\/eyelid_ptosis_treatment-768x513.jpeg\" \/>\n<meta name=\"twitter:card\" content=\"summary_large_image\" \/>\n<meta name=\"twitter:label1\" content=\"Dur\u00e9e de lecture estim\u00e9e\" \/>\n\t<meta name=\"twitter:data1\" content=\"2 minutes\" \/>\n<script type=\"application\/ld+json\" class=\"yoast-schema-graph\">{\"@context\":\"https:\\\/\\\/schema.org\",\"@graph\":[{\"@type\":\"WebPage\",\"@id\":\"https:\\\/\\\/cliniquevisagepros.com\\\/fr\\\/accueil\\\/\",\"url\":\"https:\\\/\\\/cliniquevisagepros.com\\\/fr\\\/accueil\\\/\",\"name\":\"Expert en soins oculaires et en esth\u00e9tique m\u00e9dicale \u00e0 Montr\u00e9al - Clinique VisagePros\",\"isPartOf\":{\"@id\":\"http:\\\/\\\/cliniquevisagepros.com\\\/fr\\\/#website\"},\"primaryImageOfPage\":{\"@id\":\"https:\\\/\\\/cliniquevisagepros.com\\\/fr\\\/accueil\\\/#primaryimage\"},\"image\":{\"@id\":\"https:\\\/\\\/cliniquevisagepros.com\\\/fr\\\/accueil\\\/#primaryimage\"},\"thumbnailUrl\":\"http:\\\/\\\/cliniquevisagepros.com\\\/wp-content\\\/uploads\\\/2023\\\/10\\\/eyelid_ptosis_treatment-768x513.jpeg\",\"datePublished\":\"2023-08-09T09:27:25+00:00\",\"dateModified\":\"2024-07-11T15:18:27+00:00\",\"description\":\"Nous vous offrons le meilleur en mati\u00e8re d'ophtalmologie, de soins en s\u00e9cheresse oculaire et d'esth\u00e9tique m\u00e9dicale \u00e0 notre clinique ultramoderne situ\u00e9e au c\u0153ur de Westmount.\",\"breadcrumb\":{\"@id\":\"https:\\\/\\\/cliniquevisagepros.com\\\/fr\\\/accueil\\\/#breadcrumb\"},\"inLanguage\":\"fr-FR\",\"potentialAction\":[{\"@type\":\"ReadAction\",\"target\":[\"https:\\\/\\\/cliniquevisagepros.com\\\/fr\\\/accueil\\\/\"]}]},{\"@type\":\"ImageObject\",\"inLanguage\":\"fr-FR\",\"@id\":\"https:\\\/\\\/cliniquevisagepros.com\\\/fr\\\/accueil\\\/#primaryimage\",\"url\":\"http:\\\/\\\/cliniquevisagepros.com\\\/wp-content\\\/uploads\\\/2023\\\/10\\\/eyelid_ptosis_treatment-768x513.jpeg\",\"contentUrl\":\"http:\\\/\\\/cliniquevisagepros.com\\\/wp-content\\\/uploads\\\/2023\\\/10\\\/eyelid_ptosis_treatment-768x513.jpeg\"},{\"@type\":\"BreadcrumbList\",\"@id\":\"https:\\\/\\\/cliniquevisagepros.com\\\/fr\\\/accueil\\\/#breadcrumb\",\"itemListElement\":[{\"@type\":\"ListItem\",\"position\":1,\"name\":\"Home\",\"item\":\"https:\\\/\\\/cliniquevisagepros.com\\\/fr\\\/clinique-esthetique-medicale-montreal\\\/\"},{\"@type\":\"ListItem\",\"position\":2,\"name\":\"Accueil\"}]},{\"@type\":\"WebSite\",\"@id\":\"http:\\\/\\\/cliniquevisagepros.com\\\/fr\\\/#website\",\"url\":\"http:\\\/\\\/cliniquevisagepros.com\\\/fr\\\/\",\"name\":\"Clinique VisagePros\",\"description\":\"Medical Aesthetics Clinic in Montreal\",\"publisher\":{\"@id\":\"http:\\\/\\\/cliniquevisagepros.com\\\/fr\\\/#organization\"},\"potentialAction\":[{\"@type\":\"SearchAction\",\"target\":{\"@type\":\"EntryPoint\",\"urlTemplate\":\"http:\\\/\\\/cliniquevisagepros.com\\\/fr\\\/?s={search_term_string}\"},\"query-input\":{\"@type\":\"PropertyValueSpecification\",\"valueRequired\":true,\"valueName\":\"search_term_string\"}}],\"inLanguage\":\"fr-FR\"},{\"@type\":\"Organization\",\"@id\":\"http:\\\/\\\/cliniquevisagepros.com\\\/fr\\\/#organization\",\"name\":\"Clinique Vision Pros\",\"url\":\"http:\\\/\\\/cliniquevisagepros.com\\\/fr\\\/\",\"logo\":{\"@type\":\"ImageObject\",\"inLanguage\":\"fr-FR\",\"@id\":\"http:\\\/\\\/cliniquevisagepros.com\\\/fr\\\/#\\\/schema\\\/logo\\\/image\\\/\",\"url\":\"https:\\\/\\\/cliniquevisagepros.com\\\/wp-content\\\/uploads\\\/2023\\\/08\\\/VISAGEPROS_logo.svg\",\"contentUrl\":\"https:\\\/\\\/cliniquevisagepros.com\\\/wp-content\\\/uploads\\\/2023\\\/08\\\/VISAGEPROS_logo.svg\",\"caption\":\"Clinique Vision Pros\"},\"image\":{\"@id\":\"http:\\\/\\\/cliniquevisagepros.com\\\/fr\\\/#\\\/schema\\\/logo\\\/image\\\/\"}}]}<\/script>\n<!-- \/ Yoast SEO plugin. -->","yoast_head_json":{"title":"Expert en soins oculaires et en esth\u00e9tique m\u00e9dicale \u00e0 Montr\u00e9al - Clinique VisagePros","description":"Nous vous offrons le meilleur en mati\u00e8re d'ophtalmologie, de soins en s\u00e9cheresse oculaire et d'esth\u00e9tique m\u00e9dicale \u00e0 notre clinique ultramoderne situ\u00e9e au c\u0153ur de Westmount.","robots":{"index":"index","follow":"follow","max-snippet":"max-snippet:-1","max-image-preview":"max-image-preview:large","max-video-preview":"max-video-preview:-1"},"canonical":"https:\/\/cliniquevisagepros.com\/fr\/accueil\/","og_locale":"fr_FR","og_type":"article","og_title":"Expert en soins oculaires et en esth\u00e9tique m\u00e9dicale \u00e0 Montr\u00e9al - Clinique VisagePros","og_description":"Nous vous offrons le meilleur en mati\u00e8re d'ophtalmologie, de soins en s\u00e9cheresse oculaire et d'esth\u00e9tique m\u00e9dicale \u00e0 notre clinique ultramoderne situ\u00e9e au c\u0153ur de Westmount.","og_url":"https:\/\/cliniquevisagepros.com\/fr\/accueil\/","og_site_name":"Clinique VisagePros","article_modified_time":"2024-07-11T15:18:27+00:00","og_image":[{"url":"http:\/\/cliniquevisagepros.com\/wp-content\/uploads\/2023\/10\/eyelid_ptosis_treatment-768x513.jpeg","type":"","width":"","height":""}],"twitter_card":"summary_large_image","twitter_misc":{"Dur\u00e9e de lecture estim\u00e9e":"2 minutes"},"schema":{"@context":"https:\/\/schema.org","@graph":[{"@type":"WebPage","@id":"https:\/\/cliniquevisagepros.com\/fr\/accueil\/","url":"https:\/\/cliniquevisagepros.com\/fr\/accueil\/","name":"Expert en soins oculaires et en esth\u00e9tique m\u00e9dicale \u00e0 Montr\u00e9al - Clinique VisagePros","isPartOf":{"@id":"http:\/\/cliniquevisagepros.com\/fr\/#website"},"primaryImageOfPage":{"@id":"https:\/\/cliniquevisagepros.com\/fr\/accueil\/#primaryimage"},"image":{"@id":"https:\/\/cliniquevisagepros.com\/fr\/accueil\/#primaryimage"},"thumbnailUrl":"http:\/\/cliniquevisagepros.com\/wp-content\/uploads\/2023\/10\/eyelid_ptosis_treatment-768x513.jpeg","datePublished":"2023-08-09T09:27:25+00:00","dateModified":"2024-07-11T15:18:27+00:00","description":"Nous vous offrons le meilleur en mati\u00e8re d'ophtalmologie, de soins en s\u00e9cheresse oculaire et d'esth\u00e9tique m\u00e9dicale \u00e0 notre clinique ultramoderne situ\u00e9e au c\u0153ur de Westmount.","breadcrumb":{"@id":"https:\/\/cliniquevisagepros.com\/fr\/accueil\/#breadcrumb"},"inLanguage":"fr-FR","potentialAction":[{"@type":"ReadAction","target":["https:\/\/cliniquevisagepros.com\/fr\/accueil\/"]}]},{"@type":"ImageObject","inLanguage":"fr-FR","@id":"https:\/\/cliniquevisagepros.com\/fr\/accueil\/#primaryimage","url":"http:\/\/cliniquevisagepros.com\/wp-content\/uploads\/2023\/10\/eyelid_ptosis_treatment-768x513.jpeg","contentUrl":"http:\/\/cliniquevisagepros.com\/wp-content\/uploads\/2023\/10\/eyelid_ptosis_treatment-768x513.jpeg"},{"@type":"BreadcrumbList","@id":"https:\/\/cliniquevisagepros.com\/fr\/accueil\/#breadcrumb","itemListElement":[{"@type":"ListItem","position":1,"name":"Home","item":"https:\/\/cliniquevisagepros.com\/fr\/clinique-esthetique-medicale-montreal\/"},{"@type":"ListItem","position":2,"name":"Accueil"}]},{"@type":"WebSite","@id":"http:\/\/cliniquevisagepros.com\/fr\/#website","url":"http:\/\/cliniquevisagepros.com\/fr\/","name":"Clinique VisagePros","description":"Medical Aesthetics Clinic in Montreal","publisher":{"@id":"http:\/\/cliniquevisagepros.com\/fr\/#organization"},"potentialAction":[{"@type":"SearchAction","target":{"@type":"EntryPoint","urlTemplate":"http:\/\/cliniquevisagepros.com\/fr\/?s={search_term_string}"},"query-input":{"@type":"PropertyValueSpecification","valueRequired":true,"valueName":"search_term_string"}}],"inLanguage":"fr-FR"},{"@type":"Organization","@id":"http:\/\/cliniquevisagepros.com\/fr\/#organization","name":"Clinique Vision Pros","url":"http:\/\/cliniquevisagepros.com\/fr\/","logo":{"@type":"ImageObject","inLanguage":"fr-FR","@id":"http:\/\/cliniquevisagepros.com\/fr\/#\/schema\/logo\/image\/","url":"https:\/\/cliniquevisagepros.com\/wp-content\/uploads\/2023\/08\/VISAGEPROS_logo.svg","contentUrl":"https:\/\/cliniquevisagepros.com\/wp-content\/uploads\/2023\/08\/VISAGEPROS_logo.svg","caption":"Clinique Vision Pros"},"image":{"@id":"http:\/\/cliniquevisagepros.com\/fr\/#\/schema\/logo\/image\/"}}]}},"_links":{"self":[{"href":"https:\/\/cliniquevisagepros.com\/fr\/wp-json\/wp\/v2\/pages\/764","targetHints":{"allow":["GET"]}}],"collection":[{"href":"https:\/\/cliniquevisagepros.com\/fr\/wp-json\/wp\/v2\/pages"}],"about":[{"href":"https:\/\/cliniquevisagepros.com\/fr\/wp-json\/wp\/v2\/types\/page"}],"author":[{"embeddable":true,"href":"https:\/\/cliniquevisagepros.com\/fr\/wp-json\/wp\/v2\/users\/2"}],"replies":[{"embeddable":true,"href":"https:\/\/cliniquevisagepros.com\/fr\/wp-json\/wp\/v2\/comments?post=764"}],"version-history":[{"count":0,"href":"https:\/\/cliniquevisagepros.com\/fr\/wp-json\/wp\/v2\/pages\/764\/revisions"}],"wp:attachment":[{"href":"https:\/\/cliniquevisagepros.com\/fr\/wp-json\/wp\/v2\/media?parent=764"}],"curies":[{"name":"wp","href":"https:\/\/api.w.org\/{rel}","templated":true}]}}